{"id":11,"date":"2015-02-09T09:05:51","date_gmt":"2015-02-09T09:05:51","guid":{"rendered":"http:\/\/158.42.250.49\/?page_id=11"},"modified":"2015-02-09T16:33:22","modified_gmt":"2015-02-09T16:33:22","slug":"tfg","status":"publish","type":"page","link":"https:\/\/catvserradell.webs.upv.es\/?page_id=11","title":{"rendered":"TFG"},"content":{"rendered":"<p>Concesi\u00f3n del premio al mejor trabajo fin de grado en temas relacionados con la Seguridad Nuclear y la Protecci\u00f3n Radiol\u00f3gica. ( grados de ingenier\u00eda qu\u00edmica y energ\u00eda)<\/p>\n<p>&nbsp;<\/p>\n","protected":false},"excerpt":{"rendered":"<p>Concesi\u00f3n del premio al mejor trabajo fin de grado en temas relacionados con la Seguridad Nuclear y la Protecci\u00f3n Radiol\u00f3gica. ( grados de ingenier\u00eda qu\u00edmica y energ\u00eda) &nbsp;<\/p>\n","protected":false},"author":2,"featured_media":0,"parent":9,"menu_order":0,"comment_status":"closed","ping_status":"closed","template":"","meta":{"footnotes":""},"class_list":["post-11","page","type-page","status-publish","hentry"],"_links":{"self":[{"href":"https:\/\/catvserradell.webs.upv.es\/index.php?rest_route=\/wp\/v2\/pages\/11","targetHints":{"allow":["GET"]}}],"collection":[{"href":"https:\/\/catvserradell.webs.upv.es\/index.php?rest_route=\/wp\/v2\/pages"}],"about":[{"href":"https:\/\/catvserradell.webs.upv.es\/index.php?rest_route=\/wp\/v2\/types\/page"}],"author":[{"embeddable":true,"href":"https:\/\/catvserradell.webs.upv.es\/index.php?rest_route=\/wp\/v2\/users\/2"}],"replies":[{"embeddable":true,"href":"https:\/\/catvserradell.webs.upv.es\/index.php?rest_route=%2Fwp%2Fv2%2Fcomments&post=11"}],"version-history":[{"count":5,"href":"https:\/\/catvserradell.webs.upv.es\/index.php?rest_route=\/wp\/v2\/pages\/11\/revisions"}],"predecessor-version":[{"id":60,"href":"https:\/\/catvserradell.webs.upv.es\/index.php?rest_route=\/wp\/v2\/pages\/11\/revisions\/60"}],"up":[{"embeddable":true,"href":"https:\/\/catvserradell.webs.upv.es\/index.php?rest_route=\/wp\/v2\/pages\/9"}],"wp:attachment":[{"href":"https:\/\/catvserradell.webs.upv.es\/index.php?rest_route=%2Fwp%2Fv2%2Fmedia&parent=11"}],"curies":[{"name":"wp","href":"https:\/\/api.w.org\/{rel}","templated":true}]}}