{"id":13,"date":"2015-02-09T09:06:31","date_gmt":"2015-02-09T09:06:31","guid":{"rendered":"http:\/\/158.42.250.49\/?page_id=13"},"modified":"2015-02-09T16:34:06","modified_gmt":"2015-02-09T16:34:06","slug":"tfm-primer-premio","status":"publish","type":"page","link":"https:\/\/catvserradell.webs.upv.es\/?page_id=13","title":{"rendered":"TFM (Primer premio)"},"content":{"rendered":"<p>Concesi\u00f3n del premio al mejor trabajo fin de m\u00e1ster en temas relacionados con la Seguridad Nuclear y la Protecci\u00f3n Radiol\u00f3gica. ( m\u00e1ster de Seguridad Industrial y Medioambiente , m\u00e1ster de energ\u00eda sostenible, m\u00e1ster de Protecci\u00f3n Radiol\u00f3gica en instalaciones radioactivas y nucleares)<\/p>\n<p>&nbsp;<\/p>\n","protected":false},"excerpt":{"rendered":"<p>Concesi\u00f3n del premio al mejor trabajo fin de m\u00e1ster en temas relacionados con la Seguridad Nuclear y la Protecci\u00f3n Radiol\u00f3gica. ( m\u00e1ster de Seguridad Industrial y Medioambiente , m\u00e1ster de energ\u00eda sostenible, m\u00e1ster de Protecci\u00f3n Radiol\u00f3gica en instalaciones radioactivas y nucleares) &nbsp;<\/p>\n","protected":false},"author":2,"featured_media":0,"parent":9,"menu_order":0,"comment_status":"closed","ping_status":"closed","template":"","meta":{"footnotes":""},"class_list":["post-13","page","type-page","status-publish","hentry"],"_links":{"self":[{"href":"https:\/\/catvserradell.webs.upv.es\/index.php?rest_route=\/wp\/v2\/pages\/13","targetHints":{"allow":["GET"]}}],"collection":[{"href":"https:\/\/catvserradell.webs.upv.es\/index.php?rest_route=\/wp\/v2\/pages"}],"about":[{"href":"https:\/\/catvserradell.webs.upv.es\/index.php?rest_route=\/wp\/v2\/types\/page"}],"author":[{"embeddable":true,"href":"https:\/\/catvserradell.webs.upv.es\/index.php?rest_route=\/wp\/v2\/users\/2"}],"replies":[{"embeddable":true,"href":"https:\/\/catvserradell.webs.upv.es\/index.php?rest_route=%2Fwp%2Fv2%2Fcomments&post=13"}],"version-history":[{"count":4,"href":"https:\/\/catvserradell.webs.upv.es\/index.php?rest_route=\/wp\/v2\/pages\/13\/revisions"}],"predecessor-version":[{"id":61,"href":"https:\/\/catvserradell.webs.upv.es\/index.php?rest_route=\/wp\/v2\/pages\/13\/revisions\/61"}],"up":[{"embeddable":true,"href":"https:\/\/catvserradell.webs.upv.es\/index.php?rest_route=\/wp\/v2\/pages\/9"}],"wp:attachment":[{"href":"https:\/\/catvserradell.webs.upv.es\/index.php?rest_route=%2Fwp%2Fv2%2Fmedia&parent=13"}],"curies":[{"name":"wp","href":"https:\/\/api.w.org\/{rel}","templated":true}]}}