{"id":17,"date":"2015-02-09T09:07:17","date_gmt":"2015-02-09T09:07:17","guid":{"rendered":"http:\/\/158.42.250.49\/?page_id=17"},"modified":"2015-02-13T09:53:48","modified_gmt":"2015-02-13T09:53:48","slug":"cursos-y-seminarios","status":"publish","type":"page","link":"https:\/\/catvserradell.webs.upv.es\/?page_id=17","title":{"rendered":"Cursos y Seminarios"},"content":{"rendered":"<p>Impartici\u00f3n del \u00a0curso \u2018 CFD aplicado a la industria energ\u00e9tica y nuclear\u2019 . Segunda quincena de Junio.<\/p>\n<p>&nbsp;<\/p>\n<p>Impartici\u00f3n del curso \u2018 MCNP\/5\/6\/x en aplicaciones m\u00e9dicas y Protecci\u00f3n Radiol\u00f3gica\u2019. Primera quincena de Julio<\/p>\n<p>&nbsp;<\/p>\n<p>Impartici\u00f3n del curso \u2018Emergencias Radiol\u00f3gicas en Instalaciones Radiactivas y Nucleares. Segunda quincena de Julio<\/p>\n","protected":false},"excerpt":{"rendered":"<p>Impartici\u00f3n del \u00a0curso \u2018 CFD aplicado a la industria energ\u00e9tica y nuclear\u2019 . Segunda quincena de Junio. &nbsp; Impartici\u00f3n del curso \u2018 MCNP\/5\/6\/x en aplicaciones m\u00e9dicas y Protecci\u00f3n Radiol\u00f3gica\u2019. Primera quincena de Julio &nbsp; Impartici\u00f3n del curso \u2018Emergencias Radiol\u00f3gicas en Instalaciones Radiactivas y Nucleares. Segunda quincena de Julio<\/p>\n","protected":false},"author":2,"featured_media":0,"parent":0,"menu_order":0,"comment_status":"closed","ping_status":"closed","template":"","meta":{"footnotes":""},"class_list":["post-17","page","type-page","status-publish","hentry"],"_links":{"self":[{"href":"https:\/\/catvserradell.webs.upv.es\/index.php?rest_route=\/wp\/v2\/pages\/17","targetHints":{"allow":["GET"]}}],"collection":[{"href":"https:\/\/catvserradell.webs.upv.es\/index.php?rest_route=\/wp\/v2\/pages"}],"about":[{"href":"https:\/\/catvserradell.webs.upv.es\/index.php?rest_route=\/wp\/v2\/types\/page"}],"author":[{"embeddable":true,"href":"https:\/\/catvserradell.webs.upv.es\/index.php?rest_route=\/wp\/v2\/users\/2"}],"replies":[{"embeddable":true,"href":"https:\/\/catvserradell.webs.upv.es\/index.php?rest_route=%2Fwp%2Fv2%2Fcomments&post=17"}],"version-history":[{"count":5,"href":"https:\/\/catvserradell.webs.upv.es\/index.php?rest_route=\/wp\/v2\/pages\/17\/revisions"}],"predecessor-version":[{"id":112,"href":"https:\/\/catvserradell.webs.upv.es\/index.php?rest_route=\/wp\/v2\/pages\/17\/revisions\/112"}],"wp:attachment":[{"href":"https:\/\/catvserradell.webs.upv.es\/index.php?rest_route=%2Fwp%2Fv2%2Fmedia&parent=17"}],"curies":[{"name":"wp","href":"https:\/\/api.w.org\/{rel}","templated":true}]}}