{"id":38,"date":"2015-02-09T09:21:25","date_gmt":"2015-02-09T09:21:25","guid":{"rendered":"http:\/\/158.42.250.49\/?page_id=38"},"modified":"2015-02-17T11:07:44","modified_gmt":"2015-02-17T11:07:44","slug":"inicio","status":"publish","type":"page","link":"https:\/\/catvserradell.webs.upv.es\/","title":{"rendered":"Inicio"},"content":{"rendered":"<p style=\"text-align: justify;\">Bienvenidos a la C\u00e1tedra CSN Vicente Serradell.<\/p>\n<p style=\"text-align: justify;\">El objetivo de la C\u00e1tedra CSN Vicente Serradell es promover el estudio, an\u00e1lisis e investigaci\u00f3n en las \u00e1reas de seguridad nuclear y protecci\u00f3n radiol\u00f3gica. Esta nueva c\u00e1tedra de empresa de la Universitat Polit\u00e8cnica de Val\u00e8ncia se ha constituido tras la firma de un acuerdo de colaboraci\u00f3n entre la UPV y el Consejo de Seguridad Nuclear.<\/p>\n<p style=\"text-align: justify;\">La nueva c\u00e1tedra, adscrita a la Escuela T\u00e9cnica Superior de Ingenieros Industriales de la UPV, tiene una duraci\u00f3n de un a\u00f1o y est\u00e1 dotada con 70.000 euros para desarrollar sus actividades. Su responsable es Gumersindo Verd\u00fa, catedr\u00e1tico del Departamento de Ingenier\u00eda Qu\u00edmica y Nuclear de la UPV. La c\u00e1tedra lleva el nombre de Vicente Serradell, un homenaje a quien fue director del Laboratorio de Radioactividad Ambiental de la UPV, ya fallecido.<\/p>\n<p style=\"text-align: justify;\">El Consejo de Seguridad Nuclear es el \u00fanico organismo competente en Espa\u00f1a en materia de seguridad nuclear y protecci\u00f3n radiol\u00f3gica. Desde 1980 se encarga de la supervisi\u00f3n y control de las instalaciones nucleares y radiactivas, as\u00ed como de vigilar la calidad radiol\u00f3gica del medio ambiente. Tiene ya en marcha c\u00e1tedras de\u00a0 empresa con otras universidades espa\u00f1olas porque apuesta por la formaci\u00f3n de especialistas altamente cualificados, en temas de seguridad nuclear.<\/p>\n","protected":false},"excerpt":{"rendered":"<p>Bienvenidos a la C\u00e1tedra CSN Vicente Serradell. El objetivo de la C\u00e1tedra CSN Vicente Serradell es promover el estudio, an\u00e1lisis e investigaci\u00f3n en las \u00e1reas de seguridad nuclear y protecci\u00f3n radiol\u00f3gica. Esta nueva c\u00e1tedra de empresa de la Universitat Polit\u00e8cnica de Val\u00e8ncia se ha constituido tras la firma de un acuerdo de colaboraci\u00f3n entre la [&hellip;]<\/p>\n","protected":false},"author":2,"featured_media":0,"parent":0,"menu_order":0,"comment_status":"closed","ping_status":"closed","template":"","meta":{"footnotes":""},"class_list":["post-38","page","type-page","status-publish","hentry"],"_links":{"self":[{"href":"https:\/\/catvserradell.webs.upv.es\/index.php?rest_route=\/wp\/v2\/pages\/38","targetHints":{"allow":["GET"]}}],"collection":[{"href":"https:\/\/catvserradell.webs.upv.es\/index.php?rest_route=\/wp\/v2\/pages"}],"about":[{"href":"https:\/\/catvserradell.webs.upv.es\/index.php?rest_route=\/wp\/v2\/types\/page"}],"author":[{"embeddable":true,"href":"https:\/\/catvserradell.webs.upv.es\/index.php?rest_route=\/wp\/v2\/users\/2"}],"replies":[{"embeddable":true,"href":"https:\/\/catvserradell.webs.upv.es\/index.php?rest_route=%2Fwp%2Fv2%2Fcomments&post=38"}],"version-history":[{"count":5,"href":"https:\/\/catvserradell.webs.upv.es\/index.php?rest_route=\/wp\/v2\/pages\/38\/revisions"}],"predecessor-version":[{"id":152,"href":"https:\/\/catvserradell.webs.upv.es\/index.php?rest_route=\/wp\/v2\/pages\/38\/revisions\/152"}],"wp:attachment":[{"href":"https:\/\/catvserradell.webs.upv.es\/index.php?rest_route=%2Fwp%2Fv2%2Fmedia&parent=38"}],"curies":[{"name":"wp","href":"https:\/\/api.w.org\/{rel}","templated":true}]}}