{"id":5,"date":"2015-02-09T09:04:19","date_gmt":"2015-02-09T09:04:19","guid":{"rendered":"http:\/\/158.42.250.49\/?page_id=5"},"modified":"2016-01-18T17:07:56","modified_gmt":"2016-01-18T17:07:56","slug":"becas-de-colaboracion","status":"publish","type":"page","link":"https:\/\/catvserradell.webs.upv.es\/?page_id=5","title":{"rendered":"Becas de colaboraci\u00f3n"},"content":{"rendered":"<p>Becas de colaboraci\u00f3n para estudiantes del grado de ingenier\u00eda de la energ\u00eda (ver <a href=\"https:\/\/catvserradell.webs.upv.es\/?p=178\">Becas colaboraci\u00f3n 2016 C\u00e1tedra Vicente Serradell<\/a>)<\/p>\n","protected":false},"excerpt":{"rendered":"<p>Becas de colaboraci\u00f3n para estudiantes del grado de ingenier\u00eda de la energ\u00eda (ver Becas colaboraci\u00f3n 2016 C\u00e1tedra Vicente Serradell)<\/p>\n","protected":false},"author":2,"featured_media":0,"parent":0,"menu_order":0,"comment_status":"closed","ping_status":"closed","template":"","meta":{"footnotes":""},"class_list":["post-5","page","type-page","status-publish","hentry"],"_links":{"self":[{"href":"https:\/\/catvserradell.webs.upv.es\/index.php?rest_route=\/wp\/v2\/pages\/5","targetHints":{"allow":["GET"]}}],"collection":[{"href":"https:\/\/catvserradell.webs.upv.es\/index.php?rest_route=\/wp\/v2\/pages"}],"about":[{"href":"https:\/\/catvserradell.webs.upv.es\/index.php?rest_route=\/wp\/v2\/types\/page"}],"author":[{"embeddable":true,"href":"https:\/\/catvserradell.webs.upv.es\/index.php?rest_route=\/wp\/v2\/users\/2"}],"replies":[{"embeddable":true,"href":"https:\/\/catvserradell.webs.upv.es\/index.php?rest_route=%2Fwp%2Fv2%2Fcomments&post=5"}],"version-history":[{"count":3,"href":"https:\/\/catvserradell.webs.upv.es\/index.php?rest_route=\/wp\/v2\/pages\/5\/revisions"}],"predecessor-version":[{"id":182,"href":"https:\/\/catvserradell.webs.upv.es\/index.php?rest_route=\/wp\/v2\/pages\/5\/revisions\/182"}],"wp:attachment":[{"href":"https:\/\/catvserradell.webs.upv.es\/index.php?rest_route=%2Fwp%2Fv2%2Fmedia&parent=5"}],"curies":[{"name":"wp","href":"https:\/\/api.w.org\/{rel}","templated":true}]}}