{"id":7,"date":"2015-02-09T09:05:12","date_gmt":"2015-02-09T09:05:12","guid":{"rendered":"http:\/\/158.42.250.49\/?page_id=7"},"modified":"2015-02-09T16:37:19","modified_gmt":"2015-02-09T16:37:19","slug":"cofinanciacion-becas-predoctorales","status":"publish","type":"page","link":"https:\/\/catvserradell.webs.upv.es\/?page_id=7","title":{"rendered":"Cofinanciaci\u00f3n Becas predoctorales"},"content":{"rendered":"<p>Convocatoria de cofinanciaci\u00f3n de tres contratos predoctorales en temas de tesis relacionados con la Seguridad Nuclear y la Protecci\u00f3n Radiol\u00f3gica<strong>.<\/strong><\/p>\n","protected":false},"excerpt":{"rendered":"<p>Convocatoria de cofinanciaci\u00f3n de tres contratos predoctorales en temas de tesis relacionados con la Seguridad Nuclear y la Protecci\u00f3n Radiol\u00f3gica.<\/p>\n","protected":false},"author":2,"featured_media":0,"parent":0,"menu_order":0,"comment_status":"closed","ping_status":"closed","template":"","meta":{"footnotes":""},"class_list":["post-7","page","type-page","status-publish","hentry"],"_links":{"self":[{"href":"https:\/\/catvserradell.webs.upv.es\/index.php?rest_route=\/wp\/v2\/pages\/7","targetHints":{"allow":["GET"]}}],"collection":[{"href":"https:\/\/catvserradell.webs.upv.es\/index.php?rest_route=\/wp\/v2\/pages"}],"about":[{"href":"https:\/\/catvserradell.webs.upv.es\/index.php?rest_route=\/wp\/v2\/types\/page"}],"author":[{"embeddable":true,"href":"https:\/\/catvserradell.webs.upv.es\/index.php?rest_route=\/wp\/v2\/users\/2"}],"replies":[{"embeddable":true,"href":"https:\/\/catvserradell.webs.upv.es\/index.php?rest_route=%2Fwp%2Fv2%2Fcomments&post=7"}],"version-history":[{"count":2,"href":"https:\/\/catvserradell.webs.upv.es\/index.php?rest_route=\/wp\/v2\/pages\/7\/revisions"}],"predecessor-version":[{"id":64,"href":"https:\/\/catvserradell.webs.upv.es\/index.php?rest_route=\/wp\/v2\/pages\/7\/revisions\/64"}],"wp:attachment":[{"href":"https:\/\/catvserradell.webs.upv.es\/index.php?rest_route=%2Fwp%2Fv2%2Fmedia&parent=7"}],"curies":[{"name":"wp","href":"https:\/\/api.w.org\/{rel}","templated":true}]}}