{"id":9,"date":"2015-02-09T09:05:24","date_gmt":"2015-02-09T09:05:24","guid":{"rendered":"http:\/\/158.42.250.49\/?page_id=9"},"modified":"2015-02-11T17:15:50","modified_gmt":"2015-02-11T17:15:50","slug":"premios","status":"publish","type":"page","link":"https:\/\/catvserradell.webs.upv.es\/?page_id=9","title":{"rendered":"Premios"},"content":{"rendered":"<p><strong>TFG<\/strong><\/p>\n<p>Concesi\u00f3n del premio al mejor trabajo fin de grado en temas relacionados con la Seguridad Nuclear y la Protecci\u00f3n Radiol\u00f3gica. ( grados de ingenier\u00eda qu\u00edmica y energ\u00eda)<\/p>\n<p>&nbsp;<\/p>\n<p><strong>TFM (primer premio)<\/strong><\/p>\n<p>Concesi\u00f3n del premio al mejor trabajo fin de m\u00e1ster en temas relacionados con la Seguridad Nuclear y la Protecci\u00f3n Radiol\u00f3gica. ( m\u00e1ster de Seguridad Industrial y Medioambiente , m\u00e1ster de energ\u00eda sostenible, m\u00e1ster de Protecci\u00f3n Radiol\u00f3gica en instalaciones radioactivas y nucleares)<\/p>\n<p>&nbsp;<\/p>\n<p><strong>TFM (segundo\u00a0premio)<\/strong><\/p>\n<p>Concesi\u00f3n del premio al segundo mejor trabajo fin de m\u00e1ster en temas relacionados con la Seguridad Nuclear y la Protecci\u00f3n Radiol\u00f3gica. ( m\u00e1ster de Seguridad Industrial y Medioambiente , m\u00e1ster de energ\u00eda sostenible, m\u00e1ster de Protecci\u00f3n Radiol\u00f3gica en instalaciones radioactivas y nucleares)<\/p>\n<p>&nbsp;<\/p>\n<p>&nbsp;<\/p>\n","protected":false},"excerpt":{"rendered":"<p>TFG Concesi\u00f3n del premio al mejor trabajo fin de grado en temas relacionados con la Seguridad Nuclear y la Protecci\u00f3n Radiol\u00f3gica. ( grados de ingenier\u00eda qu\u00edmica y energ\u00eda) &nbsp; TFM (primer premio) Concesi\u00f3n del premio al mejor trabajo fin de m\u00e1ster en temas relacionados con la Seguridad Nuclear y la Protecci\u00f3n Radiol\u00f3gica. ( m\u00e1ster de [&hellip;]<\/p>\n","protected":false},"author":2,"featured_media":0,"parent":0,"menu_order":0,"comment_status":"closed","ping_status":"closed","template":"","meta":{"footnotes":""},"class_list":["post-9","page","type-page","status-publish","hentry"],"_links":{"self":[{"href":"https:\/\/catvserradell.webs.upv.es\/index.php?rest_route=\/wp\/v2\/pages\/9","targetHints":{"allow":["GET"]}}],"collection":[{"href":"https:\/\/catvserradell.webs.upv.es\/index.php?rest_route=\/wp\/v2\/pages"}],"about":[{"href":"https:\/\/catvserradell.webs.upv.es\/index.php?rest_route=\/wp\/v2\/types\/page"}],"author":[{"embeddable":true,"href":"https:\/\/catvserradell.webs.upv.es\/index.php?rest_route=\/wp\/v2\/users\/2"}],"replies":[{"embeddable":true,"href":"https:\/\/catvserradell.webs.upv.es\/index.php?rest_route=%2Fwp%2Fv2%2Fcomments&post=9"}],"version-history":[{"count":5,"href":"https:\/\/catvserradell.webs.upv.es\/index.php?rest_route=\/wp\/v2\/pages\/9\/revisions"}],"predecessor-version":[{"id":103,"href":"https:\/\/catvserradell.webs.upv.es\/index.php?rest_route=\/wp\/v2\/pages\/9\/revisions\/103"}],"wp:attachment":[{"href":"https:\/\/catvserradell.webs.upv.es\/index.php?rest_route=%2Fwp%2Fv2%2Fmedia&parent=9"}],"curies":[{"name":"wp","href":"https:\/\/api.w.org\/{rel}","templated":true}]}}