{"id":90,"date":"2015-02-11T09:19:06","date_gmt":"2015-02-11T09:19:06","guid":{"rendered":"http:\/\/158.42.250.49\/?page_id=90"},"modified":"2016-01-18T16:45:57","modified_gmt":"2016-01-18T16:45:57","slug":"becas","status":"publish","type":"page","link":"https:\/\/catvserradell.webs.upv.es\/?page_id=90","title":{"rendered":"Becas"},"content":{"rendered":"<p><strong>Becas de colaboraci\u00f3n<\/strong><\/p>\n<p>Becas de colaboraci\u00f3n para estudiantes del grado de ingenier\u00eda de la energ\u00eda (ver <a href=\"https:\/\/catvserradell.webs.upv.es\/?p=178\">Becas colaboraci\u00f3n 2016 C\u00e1tedra Vicente Serradell<\/a>)<\/p>\n<p>&nbsp;<\/p>\n<p><strong>Cofinanciaci\u00f3n becas predoctorales<\/strong><\/p>\n<p>Convocatoria de cofinanciaci\u00f3n de tres contratos predoctorales en temas de tesis relacionados con la Seguridad Nuclear y la Protecci\u00f3n Radiol\u00f3gica<strong>.<\/strong><\/p>\n","protected":false},"excerpt":{"rendered":"<p>Becas de colaboraci\u00f3n Becas de colaboraci\u00f3n para estudiantes del grado de ingenier\u00eda de la energ\u00eda (ver Becas colaboraci\u00f3n 2016 C\u00e1tedra Vicente Serradell) &nbsp; Cofinanciaci\u00f3n becas predoctorales Convocatoria de cofinanciaci\u00f3n de tres contratos predoctorales en temas de tesis relacionados con la Seguridad Nuclear y la Protecci\u00f3n Radiol\u00f3gica.<\/p>\n","protected":false},"author":2,"featured_media":0,"parent":0,"menu_order":0,"comment_status":"closed","ping_status":"closed","template":"","meta":{"footnotes":""},"class_list":["post-90","page","type-page","status-publish","hentry"],"_links":{"self":[{"href":"https:\/\/catvserradell.webs.upv.es\/index.php?rest_route=\/wp\/v2\/pages\/90","targetHints":{"allow":["GET"]}}],"collection":[{"href":"https:\/\/catvserradell.webs.upv.es\/index.php?rest_route=\/wp\/v2\/pages"}],"about":[{"href":"https:\/\/catvserradell.webs.upv.es\/index.php?rest_route=\/wp\/v2\/types\/page"}],"author":[{"embeddable":true,"href":"https:\/\/catvserradell.webs.upv.es\/index.php?rest_route=\/wp\/v2\/users\/2"}],"replies":[{"embeddable":true,"href":"https:\/\/catvserradell.webs.upv.es\/index.php?rest_route=%2Fwp%2Fv2%2Fcomments&post=90"}],"version-history":[{"count":7,"href":"https:\/\/catvserradell.webs.upv.es\/index.php?rest_route=\/wp\/v2\/pages\/90\/revisions"}],"predecessor-version":[{"id":181,"href":"https:\/\/catvserradell.webs.upv.es\/index.php?rest_route=\/wp\/v2\/pages\/90\/revisions\/181"}],"wp:attachment":[{"href":"https:\/\/catvserradell.webs.upv.es\/index.php?rest_route=%2Fwp%2Fv2%2Fmedia&parent=90"}],"curies":[{"name":"wp","href":"https:\/\/api.w.org\/{rel}","templated":true}]}}